{"id":49,"date":"2025-02-28T11:35:22","date_gmt":"2025-02-28T10:35:22","guid":{"rendered":"https:\/\/www.sstod.fr\/?page_id=49"},"modified":"2025-10-01T15:50:36","modified_gmt":"2025-10-01T13:50:36","slug":"accueil","status":"publish","type":"page","link":"https:\/\/www.sstod.fr\/","title":{"rendered":"Accueil"},"content":{"rendered":"\t\t<div data-elementor-type=\"wp-page\" data-elementor-id=\"49\" class=\"elementor elementor-49\">\n\t\t\t\t<div class=\"elementor-element elementor-element-1a6b96a e-con-full e-flex e-con e-parent\" data-id=\"1a6b96a\" data-element_type=\"container\">\n\t\t\t\t<div class=\"elementor-element elementor-element-4d378d8 elementor-widget elementor-widget-heading\" data-id=\"4d378d8\" data-element_type=\"widget\" data-widget_type=\"heading.default\">\n\t\t\t\t<div class=\"elementor-widget-container\">\n\t\t\t\t\t<h1 class=\"elementor-heading-title elementor-size-default\">Service de Sant\u00e9 au Travail des Ouvriers Dockers<\/h1>\t\t\t\t<\/div>\n\t\t\t\t<\/div>\n\t\t\t\t<div class=\"elementor-element elementor-element-7b333e8 elementor-widget elementor-widget-spacer\" data-id=\"7b333e8\" data-element_type=\"widget\" data-widget_type=\"spacer.default\">\n\t\t\t\t<div class=\"elementor-widget-container\">\n\t\t\t\t\t\t\t<div class=\"elementor-spacer\">\n\t\t\t<div class=\"elementor-spacer-inner\"><\/div>\n\t\t<\/div>\n\t\t\t\t\t\t<\/div>\n\t\t\t\t<\/div>\n\t\t\t\t<\/div>\n\t\t<div class=\"elementor-element elementor-element-5672ce3 e-flex e-con-boxed e-con e-parent\" data-id=\"5672ce3\" data-element_type=\"container\">\n\t\t\t\t\t<div class=\"e-con-inner\">\n\t\t\t\t<div class=\"elementor-element elementor-element-4e3d461 elementor-widget elementor-widget-image\" data-id=\"4e3d461\" data-element_type=\"widget\" data-widget_type=\"image.default\">\n\t\t\t\t<div class=\"elementor-widget-container\">\n\t\t\t\t\t\t\t\t\t\t\t\t\t\t\t<img fetchpriority=\"high\" decoding=\"async\" width=\"855\" height=\"582\" src=\"https:\/\/www.sstod.fr\/wp-content\/uploads\/2025\/03\/Fichier-1icone-transparent.png\" class=\"attachment-large size-large wp-image-412\" alt=\"\" srcset=\"https:\/\/www.sstod.fr\/wp-content\/uploads\/2025\/03\/Fichier-1icone-transparent.png 855w, https:\/\/www.sstod.fr\/wp-content\/uploads\/2025\/03\/Fichier-1icone-transparent-300x204.png 300w, https:\/\/www.sstod.fr\/wp-content\/uploads\/2025\/03\/Fichier-1icone-transparent-768x523.png 768w\" sizes=\"(max-width: 855px) 100vw, 855px\" \/>\t\t\t\t\t\t\t\t\t\t\t\t\t\t\t<\/div>\n\t\t\t\t<\/div>\n\t\t<div class=\"elementor-element elementor-element-631dda7 e-con-full e-flex e-con e-child\" data-id=\"631dda7\" data-element_type=\"container\">\n\t\t\t\t<div class=\"elementor-element elementor-element-7c1d3a2 elementor-widget elementor-widget-text-editor\" data-id=\"7c1d3a2\" data-element_type=\"widget\" data-widget_type=\"text-editor.default\">\n\t\t\t\t<div class=\"elementor-widget-container\">\n\t\t\t\t\t\t\t\t\t<h1>Service de pr\u00e9vention et de sant\u00e9 au travail interentreprises (SPSTI) d\u00e9di\u00e9 aux ouvriers dockers.<\/h1>\t\t\t\t\t\t\t\t<\/div>\n\t\t\t\t<\/div>\n\t\t\t\t<div class=\"elementor-element elementor-element-966ed09 elementor-widget elementor-widget-button\" data-id=\"966ed09\" data-element_type=\"widget\" data-widget_type=\"button.default\">\n\t\t\t\t<div class=\"elementor-widget-container\">\n\t\t\t\t\t\t\t\t\t<div class=\"elementor-button-wrapper\">\n\t\t\t\t\t<a class=\"elementor-button elementor-button-link elementor-size-sm\" href=\"https:\/\/www.sstod.fr\/?page_id=131\" target=\"_blank\">\n\t\t\t\t\t\t<span class=\"elementor-button-content-wrapper\">\n\t\t\t\t\t\t<span class=\"elementor-button-icon\">\n\t\t\t\t<svg aria-hidden=\"true\" class=\"e-font-icon-svg e-fas-arrow-right\" viewBox=\"0 0 448 512\" xmlns=\"http:\/\/www.w3.org\/2000\/svg\"><path d=\"M190.5 66.9l22.2-22.2c9.4-9.4 24.6-9.4 33.9 0L441 239c9.4 9.4 9.4 24.6 0 33.9L246.6 467.3c-9.4 9.4-24.6 9.4-33.9 0l-22.2-22.2c-9.5-9.5-9.3-25 .4-34.3L311.4 296H24c-13.3 0-24-10.7-24-24v-32c0-13.3 10.7-24 24-24h287.4L190.9 101.2c-9.8-9.3-10-24.8-.4-34.3z\"><\/path><\/svg>\t\t\t<\/span>\n\t\t\t\t\t\t\t\t\t<span class=\"elementor-button-text\">En savoir plus<\/span>\n\t\t\t\t\t<\/span>\n\t\t\t\t\t<\/a>\n\t\t\t\t<\/div>\n\t\t\t\t\t\t\t\t<\/div>\n\t\t\t\t<\/div>\n\t\t\t\t<\/div>\n\t\t\t\t\t<\/div>\n\t\t\t\t<\/div>\n\t\t<div class=\"elementor-element elementor-element-5e8fcfc e-flex e-con-boxed e-con e-parent\" data-id=\"5e8fcfc\" data-element_type=\"container\">\n\t\t\t\t\t<div class=\"e-con-inner\">\n\t\t<div class=\"elementor-element elementor-element-3857e1a e-con-full e-flex e-con e-child\" data-id=\"3857e1a\" data-element_type=\"container\">\n\t\t\t\t<div class=\"elementor-element elementor-element-a95f646 elementor-widget elementor-widget-heading\" data-id=\"a95f646\" data-element_type=\"widget\" data-widget_type=\"heading.default\">\n\t\t\t\t<div class=\"elementor-widget-container\">\n\t\t\t\t\t<h2 class=\"elementor-heading-title elementor-size-default\">Les enjeux principaux <br>en sant\u00e9 au travail<\/h2>\t\t\t\t<\/div>\n\t\t\t\t<\/div>\n\t\t\t\t<div class=\"elementor-element elementor-element-7226733 elementor-widget__width-initial elementor-widget elementor-widget-text-editor\" data-id=\"7226733\" data-element_type=\"widget\" data-widget_type=\"text-editor.default\">\n\t\t\t\t<div class=\"elementor-widget-container\">\n\t\t\t\t\t\t\t\t\t<p>Le SSTOD collabore pour <strong>accompagner, conseiller et sensibiliser<\/strong>\u00a0les employeurs et les salari\u00e9s\u00a0 (ouvriers dockers) en mati\u00e8re de pr\u00e9vention et de sant\u00e9 au travail.<\/p>\t\t\t\t\t\t\t\t<\/div>\n\t\t\t\t<\/div>\n\t\t\t\t<div class=\"elementor-element elementor-element-6f9c17e elementor-widget elementor-widget-button\" data-id=\"6f9c17e\" data-element_type=\"widget\" data-widget_type=\"button.default\">\n\t\t\t\t<div class=\"elementor-widget-container\">\n\t\t\t\t\t\t\t\t\t<div class=\"elementor-button-wrapper\">\n\t\t\t\t\t<a class=\"elementor-button elementor-button-link elementor-size-sm\" href=\"https:\/\/www.sstod.fr\/?page_id=13\" target=\"_blank\">\n\t\t\t\t\t\t<span class=\"elementor-button-content-wrapper\">\n\t\t\t\t\t\t<span class=\"elementor-button-icon\">\n\t\t\t\t<svg aria-hidden=\"true\" class=\"e-font-icon-svg e-fas-arrow-right\" viewBox=\"0 0 448 512\" xmlns=\"http:\/\/www.w3.org\/2000\/svg\"><path d=\"M190.5 66.9l22.2-22.2c9.4-9.4 24.6-9.4 33.9 0L441 239c9.4 9.4 9.4 24.6 0 33.9L246.6 467.3c-9.4 9.4-24.6 9.4-33.9 0l-22.2-22.2c-9.5-9.5-9.3-25 .4-34.3L311.4 296H24c-13.3 0-24-10.7-24-24v-32c0-13.3 10.7-24 24-24h287.4L190.9 101.2c-9.8-9.3-10-24.8-.4-34.3z\"><\/path><\/svg>\t\t\t<\/span>\n\t\t\t\t\t\t\t\t\t<span class=\"elementor-button-text\">En savoir plus<\/span>\n\t\t\t\t\t<\/span>\n\t\t\t\t\t<\/a>\n\t\t\t\t<\/div>\n\t\t\t\t\t\t\t\t<\/div>\n\t\t\t\t<\/div>\n\t\t\t\t<\/div>\n\t\t\t\t<div class=\"elementor-element elementor-element-a68aebd elementor-widget elementor-widget-image\" data-id=\"a68aebd\" data-element_type=\"widget\" data-widget_type=\"image.default\">\n\t\t\t\t<div class=\"elementor-widget-container\">\n\t\t\t\t\t\t\t\t\t\t\t\t\t\t\t<img decoding=\"async\" width=\"790\" height=\"1024\" src=\"https:\/\/www.sstod.fr\/wp-content\/uploads\/2025\/03\/Offre-socle-cmpl1-790x1024.png\" class=\"attachment-large size-large wp-image-397\" alt=\"\" srcset=\"https:\/\/www.sstod.fr\/wp-content\/uploads\/2025\/03\/Offre-socle-cmpl1-790x1024.png 790w, https:\/\/www.sstod.fr\/wp-content\/uploads\/2025\/03\/Offre-socle-cmpl1-232x300.png 232w, https:\/\/www.sstod.fr\/wp-content\/uploads\/2025\/03\/Offre-socle-cmpl1-768x995.png 768w, https:\/\/www.sstod.fr\/wp-content\/uploads\/2025\/03\/Offre-socle-cmpl1-1185x1536.png 1185w, https:\/\/www.sstod.fr\/wp-content\/uploads\/2025\/03\/Offre-socle-cmpl1-1581x2048.png 1581w\" sizes=\"(max-width: 790px) 100vw, 790px\" \/>\t\t\t\t\t\t\t\t\t\t\t\t\t\t\t<\/div>\n\t\t\t\t<\/div>\n\t\t\t\t\t<\/div>\n\t\t\t\t<\/div>\n\t\t<div class=\"elementor-element elementor-element-e005fe4 e-con-full e-flex e-con e-parent\" data-id=\"e005fe4\" data-element_type=\"container\" data-settings=\"{&quot;background_background&quot;:&quot;classic&quot;}\">\n\t\t\t\t<div class=\"elementor-element elementor-element-2d27fce elementor-widget elementor-widget-spacer\" data-id=\"2d27fce\" data-element_type=\"widget\" data-widget_type=\"spacer.default\">\n\t\t\t\t<div class=\"elementor-widget-container\">\n\t\t\t\t\t\t\t<div class=\"elementor-spacer\">\n\t\t\t<div class=\"elementor-spacer-inner\"><\/div>\n\t\t<\/div>\n\t\t\t\t\t\t<\/div>\n\t\t\t\t<\/div>\n\t\t\t\t<div class=\"elementor-element elementor-element-b3d57ee elementor-widget elementor-widget-heading\" data-id=\"b3d57ee\" data-element_type=\"widget\" data-widget_type=\"heading.default\">\n\t\t\t\t<div class=\"elementor-widget-container\">\n\t\t\t\t\t<h2 class=\"elementor-heading-title elementor-size-default\">Espace adh\u00e9rents<\/h2>\t\t\t\t<\/div>\n\t\t\t\t<\/div>\n\t\t\t\t<div class=\"elementor-element elementor-element-61234c9 elementor-widget elementor-widget-text-editor\" data-id=\"61234c9\" data-element_type=\"widget\" data-widget_type=\"text-editor.default\">\n\t\t\t\t<div class=\"elementor-widget-container\">\n\t\t\t\t\t\t\t\t\t<p>Acc\u00e9dez \u00e0 votre espace d\u00e9di\u00e9 et retrouvez toutes les infos<\/p>\t\t\t\t\t\t\t\t<\/div>\n\t\t\t\t<\/div>\n\t\t\t\t<div class=\"elementor-element elementor-element-5491f22 elementor-align-center elementor-widget elementor-widget-button\" data-id=\"5491f22\" data-element_type=\"widget\" data-widget_type=\"button.default\">\n\t\t\t\t<div class=\"elementor-widget-container\">\n\t\t\t\t\t\t\t\t\t<div class=\"elementor-button-wrapper\">\n\t\t\t\t\t<a class=\"elementor-button elementor-button-link elementor-size-sm\" href=\"https:\/\/monespace.uegar.com\/Account\/Login\" target=\"_blank\">\n\t\t\t\t\t\t<span class=\"elementor-button-content-wrapper\">\n\t\t\t\t\t\t<span class=\"elementor-button-icon\">\n\t\t\t\t<svg aria-hidden=\"true\" class=\"e-font-icon-svg e-fas-arrow-right\" viewBox=\"0 0 448 512\" xmlns=\"http:\/\/www.w3.org\/2000\/svg\"><path d=\"M190.5 66.9l22.2-22.2c9.4-9.4 24.6-9.4 33.9 0L441 239c9.4 9.4 9.4 24.6 0 33.9L246.6 467.3c-9.4 9.4-24.6 9.4-33.9 0l-22.2-22.2c-9.5-9.5-9.3-25 .4-34.3L311.4 296H24c-13.3 0-24-10.7-24-24v-32c0-13.3 10.7-24 24-24h287.4L190.9 101.2c-9.8-9.3-10-24.8-.4-34.3z\"><\/path><\/svg>\t\t\t<\/span>\n\t\t\t\t\t\t\t\t\t<span class=\"elementor-button-text\">Acc\u00e9der \u00e0 mon espace<\/span>\n\t\t\t\t\t<\/span>\n\t\t\t\t\t<\/a>\n\t\t\t\t<\/div>\n\t\t\t\t\t\t\t\t<\/div>\n\t\t\t\t<\/div>\n\t\t\t\t<div class=\"elementor-element elementor-element-415eb82 elementor-widget elementor-widget-spacer\" data-id=\"415eb82\" data-element_type=\"widget\" data-widget_type=\"spacer.default\">\n\t\t\t\t<div class=\"elementor-widget-container\">\n\t\t\t\t\t\t\t<div class=\"elementor-spacer\">\n\t\t\t<div class=\"elementor-spacer-inner\"><\/div>\n\t\t<\/div>\n\t\t\t\t\t\t<\/div>\n\t\t\t\t<\/div>\n\t\t\t\t<\/div>\n\t\t<div class=\"elementor-element elementor-element-a86c10e e-flex e-con-boxed e-con e-parent\" data-id=\"a86c10e\" data-element_type=\"container\">\n\t\t\t\t\t<div class=\"e-con-inner\">\n\t\t\t\t<div class=\"elementor-element elementor-element-c9906a6 elementor-widget elementor-widget-spacer\" data-id=\"c9906a6\" data-element_type=\"widget\" data-widget_type=\"spacer.default\">\n\t\t\t\t<div class=\"elementor-widget-container\">\n\t\t\t\t\t\t\t<div class=\"elementor-spacer\">\n\t\t\t<div class=\"elementor-spacer-inner\"><\/div>\n\t\t<\/div>\n\t\t\t\t\t\t<\/div>\n\t\t\t\t<\/div>\n\t\t\t\t\t<\/div>\n\t\t\t\t<\/div>\n\t\t<div class=\"elementor-element elementor-element-ef1538b e-flex e-con-boxed e-con e-parent\" data-id=\"ef1538b\" data-element_type=\"container\">\n\t\t\t\t\t<div class=\"e-con-inner\">\n\t\t\t\t<div class=\"elementor-element elementor-element-cd31f95 elementor-widget__width-initial elementor-widget elementor-widget-image\" data-id=\"cd31f95\" data-element_type=\"widget\" data-widget_type=\"image.default\">\n\t\t\t\t<div class=\"elementor-widget-container\">\n\t\t\t\t\t\t\t\t\t\t\t\t<figure class=\"wp-caption\">\n\t\t\t\t\t\t\t\t\t\t<img decoding=\"async\" width=\"1024\" height=\"682\" src=\"https:\/\/www.sstod.fr\/wp-content\/uploads\/2025\/02\/PHOTO-CARTE-CQP-1024x682.jpeg\" class=\"attachment-large size-large wp-image-21\" alt=\"Vue a\u00e9rienne de la zone portuaire\" srcset=\"https:\/\/www.sstod.fr\/wp-content\/uploads\/2025\/02\/PHOTO-CARTE-CQP-1024x682.jpeg 1024w, https:\/\/www.sstod.fr\/wp-content\/uploads\/2025\/02\/PHOTO-CARTE-CQP-300x200.jpeg 300w, https:\/\/www.sstod.fr\/wp-content\/uploads\/2025\/02\/PHOTO-CARTE-CQP-768x512.jpeg 768w, https:\/\/www.sstod.fr\/wp-content\/uploads\/2025\/02\/PHOTO-CARTE-CQP.jpeg 1280w\" sizes=\"(max-width: 1024px) 100vw, 1024px\" \/>\t\t\t\t\t\t\t\t\t\t\t<figcaption class=\"widget-image-caption wp-caption-text\">Cr\u00e9dit photo HAROPA PORT<\/figcaption>\n\t\t\t\t\t\t\t\t\t\t<\/figure>\n\t\t\t\t\t\t\t\t\t<\/div>\n\t\t\t\t<\/div>\n\t\t<div class=\"elementor-element elementor-element-ff612db e-con-full e-flex e-con e-child\" data-id=\"ff612db\" data-element_type=\"container\">\n\t\t\t\t<div class=\"elementor-element elementor-element-238e7c2 elementor-widget elementor-widget-heading\" data-id=\"238e7c2\" data-element_type=\"widget\" data-widget_type=\"heading.default\">\n\t\t\t\t<div class=\"elementor-widget-container\">\n\t\t\t\t\t<h2 class=\"elementor-heading-title elementor-size-default\">Besoins d'informations ?<\/h2>\t\t\t\t<\/div>\n\t\t\t\t<\/div>\n\t\t\t\t<div class=\"elementor-element elementor-element-703b055 elementor-widget__width-initial elementor-widget elementor-widget-text-editor\" data-id=\"703b055\" data-element_type=\"widget\" data-widget_type=\"text-editor.default\">\n\t\t\t\t<div class=\"elementor-widget-container\">\n\t\t\t\t\t\t\t\t\t<p><span style=\"color: #232323; font-family: urbane, sans-serif; font-size: 20px; font-style: normal; font-variant-ligatures: normal; font-variant-caps: normal; font-weight: 500;\">Contactez-nous pour en savoir plus sur notre fonctionnement et comment nous pouvons vous accompagner dans la gestion de la sant\u00e9 au travail au sein de votre entreprise.<\/span><\/p>\t\t\t\t\t\t\t\t<\/div>\n\t\t\t\t<\/div>\n\t\t\t\t<div class=\"elementor-element elementor-element-7ce6145 elementor-widget elementor-widget-button\" data-id=\"7ce6145\" data-element_type=\"widget\" data-widget_type=\"button.default\">\n\t\t\t\t<div class=\"elementor-widget-container\">\n\t\t\t\t\t\t\t\t\t<div class=\"elementor-button-wrapper\">\n\t\t\t\t\t<a class=\"elementor-button elementor-button-link elementor-size-sm\" href=\"https:\/\/www.sstod.fr\/?page_id=15\" target=\"_blank\">\n\t\t\t\t\t\t<span class=\"elementor-button-content-wrapper\">\n\t\t\t\t\t\t<span class=\"elementor-button-icon\">\n\t\t\t\t<svg aria-hidden=\"true\" class=\"e-font-icon-svg e-fas-arrow-right\" viewBox=\"0 0 448 512\" xmlns=\"http:\/\/www.w3.org\/2000\/svg\"><path d=\"M190.5 66.9l22.2-22.2c9.4-9.4 24.6-9.4 33.9 0L441 239c9.4 9.4 9.4 24.6 0 33.9L246.6 467.3c-9.4 9.4-24.6 9.4-33.9 0l-22.2-22.2c-9.5-9.5-9.3-25 .4-34.3L311.4 296H24c-13.3 0-24-10.7-24-24v-32c0-13.3 10.7-24 24-24h287.4L190.9 101.2c-9.8-9.3-10-24.8-.4-34.3z\"><\/path><\/svg>\t\t\t<\/span>\n\t\t\t\t\t\t\t\t\t<span class=\"elementor-button-text\">En savoir plus<\/span>\n\t\t\t\t\t<\/span>\n\t\t\t\t\t<\/a>\n\t\t\t\t<\/div>\n\t\t\t\t\t\t\t\t<\/div>\n\t\t\t\t<\/div>\n\t\t\t\t<\/div>\n\t\t\t\t\t<\/div>\n\t\t\t\t<\/div>\n\t\t\t\t<\/div>\n\t\t","protected":false},"excerpt":{"rendered":"<p>Service de Sant\u00e9 au Travail des Ouvriers Dockers Service de pr\u00e9vention et de sant\u00e9 au travail interentreprises (SPSTI) d\u00e9di\u00e9 aux ouvriers dockers. En savoir plus Les enjeux principaux en sant\u00e9 au travail Le SSTOD collabore pour accompagner, conseiller et sensibiliser\u00a0les employeurs et les salari\u00e9s\u00a0 (ouvriers dockers) en mati\u00e8re de pr\u00e9vention et de sant\u00e9 au travail. [&hellip;]<\/p>\n","protected":false},"author":2,"featured_media":0,"parent":0,"menu_order":0,"comment_status":"closed","ping_status":"closed","template":"","meta":{"ocean_post_layout":"full-width","ocean_both_sidebars_style":"","ocean_both_sidebars_content_width":0,"ocean_both_sidebars_sidebars_width":0,"ocean_sidebar":"","ocean_second_sidebar":"","ocean_disable_margins":"enable","ocean_add_body_class":"","ocean_shortcode_before_top_bar":"","ocean_shortcode_after_top_bar":"","ocean_shortcode_before_header":"","ocean_shortcode_after_header":"","ocean_has_shortcode":"","ocean_shortcode_after_title":"","ocean_shortcode_before_footer_widgets":"","ocean_shortcode_after_footer_widgets":"","ocean_shortcode_before_footer_bottom":"","ocean_shortcode_after_footer_bottom":"","ocean_display_top_bar":"default","ocean_display_header":"default","ocean_header_style":"","ocean_center_header_left_menu":"","ocean_custom_header_template":"","ocean_custom_logo":0,"ocean_custom_retina_logo":0,"ocean_custom_logo_max_width":0,"ocean_custom_logo_tablet_max_width":0,"ocean_custom_logo_mobile_max_width":0,"ocean_custom_logo_max_height":0,"ocean_custom_logo_tablet_max_height":0,"ocean_custom_logo_mobile_max_height":0,"ocean_header_custom_menu":"","ocean_menu_typo_font_family":"","ocean_menu_typo_font_subset":"","ocean_menu_typo_font_size":0,"ocean_menu_typo_font_size_tablet":0,"ocean_menu_typo_font_size_mobile":0,"ocean_menu_typo_font_size_unit":"px","ocean_menu_typo_font_weight":"","ocean_menu_typo_font_weight_tablet":"","ocean_menu_typo_font_weight_mobile":"","ocean_menu_typo_transform":"","ocean_menu_typo_transform_tablet":"","ocean_menu_typo_transform_mobile":"","ocean_menu_typo_line_height":0,"ocean_menu_typo_line_height_tablet":0,"ocean_menu_typo_line_height_mobile":0,"ocean_menu_typo_line_height_unit":"","ocean_menu_typo_spacing":0,"ocean_menu_typo_spacing_tablet":0,"ocean_menu_typo_spacing_mobile":0,"ocean_menu_typo_spacing_unit":"","ocean_menu_link_color":"","ocean_menu_link_color_hover":"","ocean_menu_link_color_active":"","ocean_menu_link_background":"","ocean_menu_link_hover_background":"","ocean_menu_link_active_background":"","ocean_menu_social_links_bg":"","ocean_menu_social_hover_links_bg":"","ocean_menu_social_links_color":"","ocean_menu_social_hover_links_color":"","ocean_disable_title":"on","ocean_disable_heading":"default","ocean_post_title":"","ocean_post_subheading":"","ocean_post_title_style":"","ocean_post_title_background_color":"","ocean_post_title_background":0,"ocean_post_title_bg_image_position":"","ocean_post_title_bg_image_attachment":"","ocean_post_title_bg_image_repeat":"","ocean_post_title_bg_image_size":"","ocean_post_title_height":0,"ocean_post_title_bg_overlay":0.5,"ocean_post_title_bg_overlay_color":"","ocean_disable_breadcrumbs":"default","ocean_breadcrumbs_color":"","ocean_breadcrumbs_separator_color":"","ocean_breadcrumbs_links_color":"","ocean_breadcrumbs_links_hover_color":"","ocean_display_footer_widgets":"default","ocean_display_footer_bottom":"default","ocean_custom_footer_template":"","_themeisle_gutenberg_block_has_review":false,"footnotes":""},"class_list":["post-49","page","type-page","status-publish","hentry","entry"],"yoast_head":"<!-- This site is optimized with the Yoast SEO plugin v24.6 - https:\/\/yoast.com\/wordpress\/plugins\/seo\/ -->\n<title>Service Sant\u00e9 au Travail des Ouvriers Dockers - SSTOD<\/title>\n<meta name=\"description\" content=\"Le SSTOD est un service de pr\u00e9vention et de sant\u00e9 au travail interentreprise (SPSTI) d\u00e9di\u00e9 aux ouvriers dockers.\" \/>\n<meta name=\"robots\" content=\"index, follow, max-snippet:-1, max-image-preview:large, max-video-preview:-1\" \/>\n<link rel=\"canonical\" href=\"https:\/\/www.sstod.fr\/\" \/>\n<meta property=\"og:locale\" content=\"fr_FR\" \/>\n<meta property=\"og:type\" content=\"article\" \/>\n<meta property=\"og:title\" content=\"Service Sant\u00e9 au Travail des Ouvriers Dockers - SSTOD\" \/>\n<meta property=\"og:description\" content=\"Le SSTOD est un service de pr\u00e9vention et de sant\u00e9 au travail interentreprise (SPSTI) d\u00e9di\u00e9 aux ouvriers dockers.\" \/>\n<meta property=\"og:url\" content=\"https:\/\/www.sstod.fr\/\" \/>\n<meta property=\"og:site_name\" content=\"SSTOD\" \/>\n<meta property=\"article:modified_time\" content=\"2025-10-01T13:50:36+00:00\" \/>\n<meta property=\"og:image\" content=\"http:\/\/www.sstod.fr\/wp-content\/uploads\/2025\/03\/Fichier-1icone-transparent.png\" \/>\n<meta name=\"twitter:card\" content=\"summary_large_image\" \/>\n<meta name=\"twitter:label1\" content=\"Dur\u00e9e de lecture estim\u00e9e\" \/>\n\t<meta name=\"twitter:data1\" content=\"2 minutes\" \/>\n<script type=\"application\/ld+json\" class=\"yoast-schema-graph\">{\"@context\":\"https:\/\/schema.org\",\"@graph\":[{\"@type\":\"WebPage\",\"@id\":\"https:\/\/www.sstod.fr\/\",\"url\":\"https:\/\/www.sstod.fr\/\",\"name\":\"Service Sant\u00e9 au Travail des Ouvriers Dockers - SSTOD\",\"isPartOf\":{\"@id\":\"https:\/\/www.sstod.fr\/#website\"},\"primaryImageOfPage\":{\"@id\":\"https:\/\/www.sstod.fr\/#primaryimage\"},\"image\":{\"@id\":\"https:\/\/www.sstod.fr\/#primaryimage\"},\"thumbnailUrl\":\"http:\/\/www.sstod.fr\/wp-content\/uploads\/2025\/03\/Fichier-1icone-transparent.png\",\"datePublished\":\"2025-02-28T10:35:22+00:00\",\"dateModified\":\"2025-10-01T13:50:36+00:00\",\"description\":\"Le SSTOD est un service de pr\u00e9vention et de sant\u00e9 au travail interentreprise (SPSTI) d\u00e9di\u00e9 aux ouvriers dockers.\",\"breadcrumb\":{\"@id\":\"https:\/\/www.sstod.fr\/#breadcrumb\"},\"inLanguage\":\"fr-FR\",\"potentialAction\":[{\"@type\":\"ReadAction\",\"target\":[\"https:\/\/www.sstod.fr\/\"]}]},{\"@type\":\"ImageObject\",\"inLanguage\":\"fr-FR\",\"@id\":\"https:\/\/www.sstod.fr\/#primaryimage\",\"url\":\"https:\/\/www.sstod.fr\/wp-content\/uploads\/2025\/03\/Fichier-1icone-transparent.png\",\"contentUrl\":\"https:\/\/www.sstod.fr\/wp-content\/uploads\/2025\/03\/Fichier-1icone-transparent.png\",\"width\":855,\"height\":582},{\"@type\":\"BreadcrumbList\",\"@id\":\"https:\/\/www.sstod.fr\/#breadcrumb\",\"itemListElement\":[{\"@type\":\"ListItem\",\"position\":1,\"name\":\"Accueil\",\"item\":\"https:\/\/www.sstod.fr\/\"},{\"@type\":\"ListItem\",\"position\":2,\"name\":\"Accueil\"}]},{\"@type\":\"WebSite\",\"@id\":\"https:\/\/www.sstod.fr\/#website\",\"url\":\"https:\/\/www.sstod.fr\/\",\"name\":\"SSTOD\",\"description\":\"Service de Sant\u00e9 au Travail des Ouvriers Dockers\",\"potentialAction\":[{\"@type\":\"SearchAction\",\"target\":{\"@type\":\"EntryPoint\",\"urlTemplate\":\"https:\/\/www.sstod.fr\/?s={search_term_string}\"},\"query-input\":{\"@type\":\"PropertyValueSpecification\",\"valueRequired\":true,\"valueName\":\"search_term_string\"}}],\"inLanguage\":\"fr-FR\"}]}<\/script>\n<!-- \/ Yoast SEO plugin. -->","yoast_head_json":{"title":"Service Sant\u00e9 au Travail des Ouvriers Dockers - SSTOD","description":"Le SSTOD est un service de pr\u00e9vention et de sant\u00e9 au travail interentreprise (SPSTI) d\u00e9di\u00e9 aux ouvriers dockers.","robots":{"index":"index","follow":"follow","max-snippet":"max-snippet:-1","max-image-preview":"max-image-preview:large","max-video-preview":"max-video-preview:-1"},"canonical":"https:\/\/www.sstod.fr\/","og_locale":"fr_FR","og_type":"article","og_title":"Service Sant\u00e9 au Travail des Ouvriers Dockers - SSTOD","og_description":"Le SSTOD est un service de pr\u00e9vention et de sant\u00e9 au travail interentreprise (SPSTI) d\u00e9di\u00e9 aux ouvriers dockers.","og_url":"https:\/\/www.sstod.fr\/","og_site_name":"SSTOD","article_modified_time":"2025-10-01T13:50:36+00:00","og_image":[{"url":"http:\/\/www.sstod.fr\/wp-content\/uploads\/2025\/03\/Fichier-1icone-transparent.png","type":"","width":"","height":""}],"twitter_card":"summary_large_image","twitter_misc":{"Dur\u00e9e de lecture estim\u00e9e":"2 minutes"},"schema":{"@context":"https:\/\/schema.org","@graph":[{"@type":"WebPage","@id":"https:\/\/www.sstod.fr\/","url":"https:\/\/www.sstod.fr\/","name":"Service Sant\u00e9 au Travail des Ouvriers Dockers - SSTOD","isPartOf":{"@id":"https:\/\/www.sstod.fr\/#website"},"primaryImageOfPage":{"@id":"https:\/\/www.sstod.fr\/#primaryimage"},"image":{"@id":"https:\/\/www.sstod.fr\/#primaryimage"},"thumbnailUrl":"http:\/\/www.sstod.fr\/wp-content\/uploads\/2025\/03\/Fichier-1icone-transparent.png","datePublished":"2025-02-28T10:35:22+00:00","dateModified":"2025-10-01T13:50:36+00:00","description":"Le SSTOD est un service de pr\u00e9vention et de sant\u00e9 au travail interentreprise (SPSTI) d\u00e9di\u00e9 aux ouvriers dockers.","breadcrumb":{"@id":"https:\/\/www.sstod.fr\/#breadcrumb"},"inLanguage":"fr-FR","potentialAction":[{"@type":"ReadAction","target":["https:\/\/www.sstod.fr\/"]}]},{"@type":"ImageObject","inLanguage":"fr-FR","@id":"https:\/\/www.sstod.fr\/#primaryimage","url":"https:\/\/www.sstod.fr\/wp-content\/uploads\/2025\/03\/Fichier-1icone-transparent.png","contentUrl":"https:\/\/www.sstod.fr\/wp-content\/uploads\/2025\/03\/Fichier-1icone-transparent.png","width":855,"height":582},{"@type":"BreadcrumbList","@id":"https:\/\/www.sstod.fr\/#breadcrumb","itemListElement":[{"@type":"ListItem","position":1,"name":"Accueil","item":"https:\/\/www.sstod.fr\/"},{"@type":"ListItem","position":2,"name":"Accueil"}]},{"@type":"WebSite","@id":"https:\/\/www.sstod.fr\/#website","url":"https:\/\/www.sstod.fr\/","name":"SSTOD","description":"Service de Sant\u00e9 au Travail des Ouvriers Dockers","potentialAction":[{"@type":"SearchAction","target":{"@type":"EntryPoint","urlTemplate":"https:\/\/www.sstod.fr\/?s={search_term_string}"},"query-input":{"@type":"PropertyValueSpecification","valueRequired":true,"valueName":"search_term_string"}}],"inLanguage":"fr-FR"}]}},"_links":{"self":[{"href":"https:\/\/www.sstod.fr\/index.php?rest_route=\/wp\/v2\/pages\/49","targetHints":{"allow":["GET"]}}],"collection":[{"href":"https:\/\/www.sstod.fr\/index.php?rest_route=\/wp\/v2\/pages"}],"about":[{"href":"https:\/\/www.sstod.fr\/index.php?rest_route=\/wp\/v2\/types\/page"}],"author":[{"embeddable":true,"href":"https:\/\/www.sstod.fr\/index.php?rest_route=\/wp\/v2\/users\/2"}],"replies":[{"embeddable":true,"href":"https:\/\/www.sstod.fr\/index.php?rest_route=%2Fwp%2Fv2%2Fcomments&post=49"}],"version-history":[{"count":56,"href":"https:\/\/www.sstod.fr\/index.php?rest_route=\/wp\/v2\/pages\/49\/revisions"}],"predecessor-version":[{"id":653,"href":"https:\/\/www.sstod.fr\/index.php?rest_route=\/wp\/v2\/pages\/49\/revisions\/653"}],"wp:attachment":[{"href":"https:\/\/www.sstod.fr\/index.php?rest_route=%2Fwp%2Fv2%2Fmedia&parent=49"}],"curies":[{"name":"wp","href":"https:\/\/api.w.org\/{rel}","templated":true}]}}